{"id":346,"date":"2023-04-04T12:06:27","date_gmt":"2023-04-04T16:06:27","guid":{"rendered":"https:\/\/www.famille-ecole.fse.ulaval.ca\/resultats\/"},"modified":"2025-10-18T18:48:54","modified_gmt":"2025-10-18T22:48:54","slug":"resultats","status":"publish","type":"page","link":"https:\/\/www.famille-ecole.fse.ulaval.ca\/en\/resultats\/","title":{"rendered":"Results"},"content":{"rendered":"\n<section class=\"wp-block-csrtcommun-gutenberg-block-bloc-strate  strate bg-undefined\" aria-label=\"\"><div class=\"strate-contenu\">\n<p><strong>Scientific communications<\/strong><\/p>\n\n\n\n<p>Trudel, C., Boisclair Ch\u00e2teauvert, G., Archambault, I, Dup\u00e9r\u00e9, V. Plante, I, &amp;<strong> <\/strong>Ratelle, C. F. (2025, April). <em>Teachers\u2019<\/em> <em>interpersonal behaviors as predictors of the quality of the parent-teacher relationship.<\/em> Communication presented at the annuel du American Education Research Association (AERA) convention, Denver, CO, United-States.<\/p>\n\n\n\n<p>Laquerre, D., Boisclair Ch\u00e2teauvert, G., Archambault, I, Dup\u00e9r\u00e9, V. Plante, I, &amp; Ratelle, C. F. (2025, April)<em>. Enhancing family-school partnerships: predicting the quality of parent-teacher relationships<\/em>. Communication presented at the annual convention of the American Education Research Association (AERA), Denver, CO, United-States.<\/p>\n\n\n\n<p><strong>Results report<\/strong><\/p>\n\n\n\n<figure class=\"wp-block-image size-full\"><img loading=\"lazy\" decoding=\"async\" width=\"800\" height=\"671\" src=\"https:\/\/www.famille-ecole.fse.ulaval.ca\/\/app\/uploads\/2025\/03\/publication.site_.web_.ang_.jpg\" alt=\"\" class=\"wp-image-537\" srcset=\"https:\/\/www.famille-ecole.fse.ulaval.ca\/\/app\/uploads\/2025\/03\/publication.site_.web_.ang_.jpg 800w, https:\/\/www.famille-ecole.fse.ulaval.ca\/\/app\/uploads\/2025\/03\/publication.site_.web_.ang_-300x252.jpg 300w, https:\/\/www.famille-ecole.fse.ulaval.ca\/\/app\/uploads\/2025\/03\/publication.site_.web_.ang_-768x644.jpg 768w\" sizes=\"auto, (max-width: 800px) 100vw, 800px\" \/><\/figure>\n<div class=\"clearFix\"><\/div><\/div><\/section>\n","protected":false},"excerpt":{"rendered":"","protected":false},"author":7,"featured_media":0,"parent":0,"menu_order":0,"comment_status":"closed","ping_status":"closed","template":"page-titre.php","meta":{"_acf_changed":false,"footnotes":""},"class_list":["post-346","page","type-page","status-publish","hentry"],"acf":[],"_links":{"self":[{"href":"https:\/\/www.famille-ecole.fse.ulaval.ca\/en\/wp-json\/wp\/v2\/pages\/346","targetHints":{"allow":["GET"]}}],"collection":[{"href":"https:\/\/www.famille-ecole.fse.ulaval.ca\/en\/wp-json\/wp\/v2\/pages"}],"about":[{"href":"https:\/\/www.famille-ecole.fse.ulaval.ca\/en\/wp-json\/wp\/v2\/types\/page"}],"author":[{"embeddable":true,"href":"https:\/\/www.famille-ecole.fse.ulaval.ca\/en\/wp-json\/wp\/v2\/users\/7"}],"replies":[{"embeddable":true,"href":"https:\/\/www.famille-ecole.fse.ulaval.ca\/en\/wp-json\/wp\/v2\/comments?post=346"}],"version-history":[{"count":4,"href":"https:\/\/www.famille-ecole.fse.ulaval.ca\/en\/wp-json\/wp\/v2\/pages\/346\/revisions"}],"predecessor-version":[{"id":600,"href":"https:\/\/www.famille-ecole.fse.ulaval.ca\/en\/wp-json\/wp\/v2\/pages\/346\/revisions\/600"}],"wp:attachment":[{"href":"https:\/\/www.famille-ecole.fse.ulaval.ca\/en\/wp-json\/wp\/v2\/media?parent=346"}],"curies":[{"name":"wp","href":"https:\/\/api.w.org\/{rel}","templated":true}]}}