{"id":342,"date":"2023-04-04T12:07:12","date_gmt":"2023-04-04T16:07:12","guid":{"rendered":"https:\/\/www.famille-ecole.fse.ulaval.ca\/partenaires\/"},"modified":"2023-06-07T14:26:13","modified_gmt":"2023-06-07T18:26:13","slug":"partners","status":"publish","type":"page","link":"https:\/\/www.famille-ecole.fse.ulaval.ca\/en\/partners\/","title":{"rendered":"Partners"},"content":{"rendered":"\n<section class=\"wp-block-csrtcommun-gutenberg-block-bloc-strate  strate bg-undefined\" aria-label=\"\"><div class=\"strate-contenu\">\n<div class=\"wp-block-csrtcommun-gutenberg-block-bloc-largeur-3-4 bloc-largeur-3-4__wrapper\">\n<p>This project is carried out in partnership with:<\/p>\n\n\n\n<ul class=\"wp-block-list\">\n<li>Association qu\u00e9b\u00e9coise des enseignantes et des enseignants du primaire [<a href=\"https:\/\/aqep.org\/\" data-type=\"URL\" data-id=\"https:\/\/aqep.org\/\">AQEP<\/a>]<\/li>\n\n\n\n<li>Regroupement des comit\u00e9s de parents autonomes du Qu\u00e9bec [<a href=\"https:\/\/rcpaq.org\/\" data-type=\"URL\" data-id=\"https:\/\/rcpaq.org\/\">RCPAQ<\/a>]<\/li>\n\n\n\n<li>F\u00e9d\u00e9ration des comit\u00e9s de parents du Qu\u00e9bec [<a href=\"https:\/\/www.fcpq.qc.ca\/\" data-type=\"URL\" data-id=\"https:\/\/www.fcpq.qc.ca\/\">FCPQ<\/a>]<\/li>\n\n\n\n<li>English Parents\u2019 Committee Association [<a href=\"https:\/\/epcaquebec.org\/?lang=fr\" data-type=\"URL\" data-id=\"https:\/\/epcaquebec.org\/?lang=fr\">EPCA<\/a>]<\/li>\n\n\n\n<li>Centre de transfert pour la r\u00e9ussite \u00e9ducative du Qu\u00e9bec [<a href=\"https:\/\/www.ctreq.qc.ca\/\" data-type=\"URL\" data-id=\"https:\/\/www.ctreq.qc.ca\/\">CTREQ<\/a>]<\/li>\n<\/ul>\n\n\n\n<figure class=\"wp-block-image size-full\"><img loading=\"lazy\" decoding=\"async\" width=\"977\" height=\"193\" src=\"https:\/\/www.famille-ecole.fse.ulaval.ca\/wp-content\/uploads\/2023\/06\/partners.png\" alt=\"\" class=\"wp-image-386\" srcset=\"https:\/\/www.famille-ecole.fse.ulaval.ca\/\/app\/uploads\/2023\/06\/partners.png 977w, https:\/\/www.famille-ecole.fse.ulaval.ca\/\/app\/uploads\/2023\/06\/partners-300x59.png 300w, https:\/\/www.famille-ecole.fse.ulaval.ca\/\/app\/uploads\/2023\/06\/partners-768x152.png 768w\" sizes=\"auto, (max-width: 977px) 100vw, 977px\" \/><\/figure>\n<\/div>\n<div class=\"clearFix\"><\/div><\/div><\/section>\n","protected":false},"excerpt":{"rendered":"","protected":false},"author":7,"featured_media":0,"parent":0,"menu_order":0,"comment_status":"closed","ping_status":"closed","template":"page-titre.php","meta":{"_acf_changed":false,"footnotes":""},"class_list":["post-342","page","type-page","status-publish","hentry"],"acf":[],"_links":{"self":[{"href":"https:\/\/www.famille-ecole.fse.ulaval.ca\/en\/wp-json\/wp\/v2\/pages\/342","targetHints":{"allow":["GET"]}}],"collection":[{"href":"https:\/\/www.famille-ecole.fse.ulaval.ca\/en\/wp-json\/wp\/v2\/pages"}],"about":[{"href":"https:\/\/www.famille-ecole.fse.ulaval.ca\/en\/wp-json\/wp\/v2\/types\/page"}],"author":[{"embeddable":true,"href":"https:\/\/www.famille-ecole.fse.ulaval.ca\/en\/wp-json\/wp\/v2\/users\/7"}],"replies":[{"embeddable":true,"href":"https:\/\/www.famille-ecole.fse.ulaval.ca\/en\/wp-json\/wp\/v2\/comments?post=342"}],"version-history":[{"count":3,"href":"https:\/\/www.famille-ecole.fse.ulaval.ca\/en\/wp-json\/wp\/v2\/pages\/342\/revisions"}],"predecessor-version":[{"id":388,"href":"https:\/\/www.famille-ecole.fse.ulaval.ca\/en\/wp-json\/wp\/v2\/pages\/342\/revisions\/388"}],"wp:attachment":[{"href":"https:\/\/www.famille-ecole.fse.ulaval.ca\/en\/wp-json\/wp\/v2\/media?parent=342"}],"curies":[{"name":"wp","href":"https:\/\/api.w.org\/{rel}","templated":true}]}}