{"id":339,"date":"2021-01-13T21:09:25","date_gmt":"2021-01-13T20:09:25","guid":{"rendered":"https:\/\/www.famille-ecole.fse.ulaval.ca\/nous-joindre\/"},"modified":"2023-06-07T13:53:06","modified_gmt":"2023-06-07T17:53:06","slug":"contact-us","status":"publish","type":"page","link":"https:\/\/www.famille-ecole.fse.ulaval.ca\/en\/contact-us\/","title":{"rendered":"Contact us"},"content":{"rendered":"\n<section class=\"wp-block-csrtcommun-gutenberg-block-bloc-strate  strate bg-undefined\" aria-label=\"\"><div class=\"strate-contenu\">\n<div class=\"wp-block-csrtcommun-gutenberg-block-bloc-nous-joindre bloc-nous-joindre__wrapper\"><div class=\"bloc-col-gauche__wrapper\"><div class=\"titre\">Canada Research Chair on Parenting and Academic and Vocational Trajectories<\/div><div class=\"adresse\">2320, rue des Biblioth\u00e8ques<br \/>Universit\u00e9 Laval<br \/>Qu\u00e9bec (Qu\u00e9bec) G1V 0A6<\/div><div class=\"telephone\"><a href=\"tel:-\" aria-label=\"Num\u00e9ro de t\u00e9l\u00e9phone : \"><span aria-hidden=\"true\">&#8211;<\/span><\/a><\/div><div class=\"courriel\"><a href=\"mailto:chaire.parents@fse.ulaval.ca\" aria-label=\"Adresse courriel chaire.parents@fse.ulaval.ca\">chaire.parents@fse.ulaval.ca<\/a><\/div><\/div><div class=\"bloc-col-droite__wrapper\"><div><\/div><\/div><\/div>\n<div class=\"clearFix\"><\/div><\/div><\/section>\n","protected":false},"excerpt":{"rendered":"","protected":false},"author":1,"featured_media":0,"parent":0,"menu_order":0,"comment_status":"closed","ping_status":"closed","template":"page-titre.php","meta":{"_acf_changed":false,"footnotes":""},"class_list":["post-339","page","type-page","status-publish","hentry"],"acf":[],"_links":{"self":[{"href":"https:\/\/www.famille-ecole.fse.ulaval.ca\/en\/wp-json\/wp\/v2\/pages\/339","targetHints":{"allow":["GET"]}}],"collection":[{"href":"https:\/\/www.famille-ecole.fse.ulaval.ca\/en\/wp-json\/wp\/v2\/pages"}],"about":[{"href":"https:\/\/www.famille-ecole.fse.ulaval.ca\/en\/wp-json\/wp\/v2\/types\/page"}],"author":[{"embeddable":true,"href":"https:\/\/www.famille-ecole.fse.ulaval.ca\/en\/wp-json\/wp\/v2\/users\/1"}],"replies":[{"embeddable":true,"href":"https:\/\/www.famille-ecole.fse.ulaval.ca\/en\/wp-json\/wp\/v2\/comments?post=339"}],"version-history":[{"count":3,"href":"https:\/\/www.famille-ecole.fse.ulaval.ca\/en\/wp-json\/wp\/v2\/pages\/339\/revisions"}],"predecessor-version":[{"id":369,"href":"https:\/\/www.famille-ecole.fse.ulaval.ca\/en\/wp-json\/wp\/v2\/pages\/339\/revisions\/369"}],"wp:attachment":[{"href":"https:\/\/www.famille-ecole.fse.ulaval.ca\/en\/wp-json\/wp\/v2\/media?parent=339"}],"curies":[{"name":"wp","href":"https:\/\/api.w.org\/{rel}","templated":true}]}}