{"id":338,"date":"2023-04-04T12:05:37","date_gmt":"2023-04-04T16:05:37","guid":{"rendered":"https:\/\/www.famille-ecole.fse.ulaval.ca\/equipe\/"},"modified":"2023-06-07T14:27:56","modified_gmt":"2023-06-07T18:27:56","slug":"team","status":"publish","type":"page","link":"https:\/\/www.famille-ecole.fse.ulaval.ca\/en\/team\/","title":{"rendered":"Team"},"content":{"rendered":"\n<section class=\"wp-block-csrtcommun-gutenberg-block-bloc-strate  strate bg-undefined\" aria-label=\"\"><div class=\"strate-contenu\">\n<h2 class=\"wp-block-heading\">Principal investigator<\/h2>\n\n\n<section aria-label='Personnel' class='personnel-moteur-recherche__wrapper '><section aria-label='Liste' class=\"personnel_bloc__wrapper\">\n\t\t\t\t<div aria-live='polite' id='personnel_bloc__liste-3788' class='personnel_bloc__liste detaille' data-category='personnel' data-categorie-personnel='' data-categories-personnel='25' data-detail='detaille' data-affiche-image='1' data-affiche-popup='' data-lang='en'><article class=\"detaille avec-image\">\n\t\t\t\t<div><div class=\"image\"><img decoding=\"async\" src=\"https:\/\/www.famille-ecole.fse.ulaval.ca\/\/app\/uploads\/2023\/05\/Catherine-Ratelle.jpg\" alt=\"\"\\\/><\/div><div class=\"detail\">\n\t\t\t\t\t\t<div class='detail-coordonnees'>\n\t\t\t\t\t\t\t<div class=\"prenom-nom\">Catherine Ratelle<\/div><div class=\"titre-poste\">Professor<\/div><div class=\"section-universite\"><div class=\"universite\">Universit\u00e9 Laval<\/div><div class=\"faculte\">Facult\u00e9 des sciences de l&#8217;\u00e9ducation<\/div><div class=\"departement\">D\u00e9partement des fondements et pratiques en \u00e9ducation<\/div><\/div><div class=\"description\">Chairholder of the Canada Research Chair on Parenting and Academic and Vocational Trajectories<\/div><\/div>\n\t\t\t\t\t\t  <div class='liens'><div class='bouton-icone__wrapper'><a class='bouton-icone bouton-site-internet' href='http:\/\/www.parents-education.chaire.ulaval.ca\/en\/people\/chairholder\/' title='Lien vers site web qui ouvre dans une nouvelle fen\u00eatre' target='_blank'>lien<\/a><\/div><\/div><\/div>\n\t\t\t\t<\/div>\n\t\t\t<\/article><\/div><\/section><\/section>\n\n\n<h2 class=\"wp-block-heading margin-top-50\">Co-investigators<\/h2>\n\n\n<section aria-label='Personnel' class='personnel-moteur-recherche__wrapper '><section aria-label='Liste' class=\"personnel_bloc__wrapper\">\n\t\t\t\t<div aria-live='polite' id='personnel_bloc__liste-5863' class='personnel_bloc__liste detaille' data-category='personnel' data-categorie-personnel='' data-categories-personnel='26' data-detail='detaille' data-affiche-image='1' data-affiche-popup='' data-lang='en'><article class=\"detaille avec-image\">\n\t\t\t\t<div><div class=\"image\"><img decoding=\"async\" src=\"https:\/\/www.famille-ecole.fse.ulaval.ca\/\/app\/uploads\/2023\/05\/isabelle.archambault.jpg\" alt=\"\"\\\/><\/div><div class=\"detail\">\n\t\t\t\t\t\t<div class='detail-coordonnees'>\n\t\t\t\t\t\t\t<div class=\"prenom-nom\">Isabelle Archambault<\/div><div class=\"titre-poste\">Professor<\/div><div class=\"section-universite\"><div class=\"universite\">Universit\u00e9 de Montr\u00e9al<\/div><div class=\"faculte\">Facult\u00e9 des arts et des sciences<\/div><div class=\"departement\">\u00c9cole de psycho\u00e9ducation<\/div><\/div><div class=\"description\">Chairholder of the Canada Research Chair in School, Youth Well-Being, and Educational Success<\/div><\/div>\n\t\t\t\t\t\t  <div class='liens'><div class='bouton-icone__wrapper'><a class='bouton-icone bouton-site-internet' href='https:\/\/psyced.umontreal.ca\/repertoire-departement\/professeurs\/professeur\/in\/in15017\/sg\/Isabelle%20Archambault\/' title='Lien vers site web qui ouvre dans une nouvelle fen\u00eatre' target='_blank'>lien<\/a><\/div><\/div><\/div>\n\t\t\t\t<\/div>\n\t\t\t<\/article><article class=\"detaille avec-image\">\n\t\t\t\t<div><div class=\"image\"><img decoding=\"async\" src=\"https:\/\/www.famille-ecole.fse.ulaval.ca\/\/app\/uploads\/2023\/05\/veronique.dupere.jpg\" alt=\"\"\\\/><\/div><div class=\"detail\">\n\t\t\t\t\t\t<div class='detail-coordonnees'>\n\t\t\t\t\t\t\t<div class=\"prenom-nom\">V\u00e9ronique Dup\u00e9r\u00e9<\/div><div class=\"titre-poste\">Professor<\/div><div class=\"section-universite\"><div class=\"universite\">Universit\u00e9 de Montr\u00e9al<\/div><div class=\"faculte\">Facult\u00e9 des arts et des sciences<\/div><div class=\"departement\">\u00c9cole de psycho\u00e9ducation<\/div><\/div><div class=\"description\">Chairholder of the Canada Research Chair on the Transition to Adulthood<\/div><\/div>\n\t\t\t\t\t\t  <div class='liens'><div class='bouton-icone__wrapper'><a class='bouton-icone bouton-site-internet' href='https:\/\/psyced.umontreal.ca\/repertoire-departement\/professeurs\/professeur\/in\/in16028\/sg\/V%C3%A9ronique%20Dup%C3%A9r%C3%A9\/' title='Lien vers site web qui ouvre dans une nouvelle fen\u00eatre' target='_blank'>lien<\/a><\/div><\/div><\/div>\n\t\t\t\t<\/div>\n\t\t\t<\/article><article class=\"detaille avec-image\">\n\t\t\t\t<div><div class=\"image\"><img decoding=\"async\" src=\"https:\/\/www.famille-ecole.fse.ulaval.ca\/\/app\/uploads\/2023\/05\/Plante_Isabelle-e1685136258285.jpg\" alt=\"\"\\\/><\/div><div class=\"detail\">\n\t\t\t\t\t\t<div class='detail-coordonnees'>\n\t\t\t\t\t\t\t<div class=\"prenom-nom\">Isabelle Plante<\/div><div class=\"titre-poste\">Professor<\/div><div class=\"section-universite\"><div class=\"universite\">Universit\u00e9 du Qu\u00e9bec \u00e0 Montr\u00e9al<\/div><div class=\"departement\">D\u00e9partement de didactique<\/div><\/div><div class=\"description\">Chairholder of the Canada Research Chair in Gender Differences in School<\/div><\/div>\n\t\t\t\t\t\t  <div class='liens'><div class='bouton-icone__wrapper'><a class='bouton-icone bouton-site-internet' href='https:\/\/professeurs.uqam.ca\/professeur\/plante.isabelle\/' title='Lien vers site web qui ouvre dans une nouvelle fen\u00eatre' target='_blank'>lien<\/a><\/div><\/div><\/div>\n\t\t\t\t<\/div>\n\t\t\t<\/article><\/div><\/section><\/section>\n\n\n<h2 class=\"wp-block-heading margin-top-50\">Coordination<\/h2>\n\n\n<section aria-label='Personnel' class='personnel-moteur-recherche__wrapper '><section aria-label='Liste' class=\"personnel_bloc__wrapper\">\n\t\t\t\t<div aria-live='polite' id='personnel_bloc__liste-5334' class='personnel_bloc__liste detaille' data-category='personnel' data-categorie-personnel='' data-categories-personnel='27' data-detail='detaille' data-affiche-image='1' data-affiche-popup='' data-lang='en'><article class=\"detaille avec-image\">\n\t\t\t\t<div><div class=\"image\"><img decoding=\"async\" src=\"https:\/\/www.famille-ecole.fse.ulaval.ca\/\/app\/uploads\/2023\/04\/Genevieve-B-C-e1642711598750.jpg\" alt=\"Genevi\u00e8ve Boisclair-Ch\u00e2teauvert\"\\\/><\/div><div class=\"detail\">\n\t\t\t\t\t\t<div class='detail-coordonnees'>\n\t\t\t\t\t\t\t<div class=\"prenom-nom\">Genevi\u00e8ve Boisclair-Ch\u00e2teauvert<\/div><div class=\"titre-poste\">Research professional<\/div><div class=\"section-universite\"><div class=\"universite\">Universit\u00e9 Laval<\/div><div class=\"faculte\">Facult\u00e9 des sciences de l&#8217;\u00e9ducation<\/div><div class=\"departement\">D\u00e9partement des fondements et pratiques en \u00e9ducation<\/div><\/div><\/div>\n\t\t\t\t\t\t  <div class='liens'><div class='bouton-icone__wrapper'><a class='bouton-icone bouton-site-internet' href='https:\/\/www.fse.ulaval.ca\/cv\/genevieve.boisclair-chateauvert\/?height=450&#038;width=780' title='Lien vers site web qui ouvre dans une nouvelle fen\u00eatre' target='_blank'>lien<\/a><\/div><\/div><\/div>\n\t\t\t\t<\/div>\n\t\t\t<\/article><article class=\"detaille avec-image\">\n\t\t\t\t<div><div class=\"image\"><img decoding=\"async\" src=\"https:\/\/www.famille-ecole.fse.ulaval.ca\/\/app\/uploads\/2025\/10\/Noelly.jpg\" alt=\"\"\\\/><\/div><div class=\"detail\">\n\t\t\t\t\t\t<div class='detail-coordonnees'>\n\t\t\t\t\t\t\t<div class=\"prenom-nom\">Noelly Lemardelet<\/div><div class=\"titre-poste\">Research professional<\/div><div class=\"section-universite\"><div class=\"universite\">Universit\u00e9 Laval<\/div><div class=\"faculte\">Facult\u00e9 des sciences de l\u2019\u00e9ducation<\/div><div class=\"departement\">D\u00e9partement des fondements et pratiques en \u00e9ducation<\/div><\/div><\/div>\n\t\t\t\t\t\t  <div class='liens'><\/div><\/div>\n\t\t\t\t<\/div>\n\t\t\t<\/article><\/div><\/section><\/section>\n\n\n<h2 class=\"wp-block-heading margin-top-50\">Research assistants<\/h2>\n\n\n<section aria-label='Personnel' class='personnel-moteur-recherche__wrapper '><section aria-label='Liste' class=\"personnel_bloc__wrapper\">\n\t\t\t\t<div aria-live='polite' id='personnel_bloc__liste-7616' class='personnel_bloc__liste detaille' data-category='personnel' data-categorie-personnel='' data-categories-personnel='28' data-detail='detaille' data-affiche-image='1' data-affiche-popup='' data-lang='en'><div class='msg-aucun'>No member to display.<\/div><\/div><\/section><\/section><div class=\"clearFix\"><\/div><\/div><\/section>\n","protected":false},"excerpt":{"rendered":"","protected":false},"author":7,"featured_media":0,"parent":0,"menu_order":0,"comment_status":"closed","ping_status":"closed","template":"page-titre.php","meta":{"_acf_changed":false,"footnotes":""},"class_list":["post-338","page","type-page","status-publish","hentry"],"acf":[],"_links":{"self":[{"href":"https:\/\/www.famille-ecole.fse.ulaval.ca\/en\/wp-json\/wp\/v2\/pages\/338","targetHints":{"allow":["GET"]}}],"collection":[{"href":"https:\/\/www.famille-ecole.fse.ulaval.ca\/en\/wp-json\/wp\/v2\/pages"}],"about":[{"href":"https:\/\/www.famille-ecole.fse.ulaval.ca\/en\/wp-json\/wp\/v2\/types\/page"}],"author":[{"embeddable":true,"href":"https:\/\/www.famille-ecole.fse.ulaval.ca\/en\/wp-json\/wp\/v2\/users\/7"}],"replies":[{"embeddable":true,"href":"https:\/\/www.famille-ecole.fse.ulaval.ca\/en\/wp-json\/wp\/v2\/comments?post=338"}],"version-history":[{"count":3,"href":"https:\/\/www.famille-ecole.fse.ulaval.ca\/en\/wp-json\/wp\/v2\/pages\/338\/revisions"}],"predecessor-version":[{"id":391,"href":"https:\/\/www.famille-ecole.fse.ulaval.ca\/en\/wp-json\/wp\/v2\/pages\/338\/revisions\/391"}],"wp:attachment":[{"href":"https:\/\/www.famille-ecole.fse.ulaval.ca\/en\/wp-json\/wp\/v2\/media?parent=338"}],"curies":[{"name":"wp","href":"https:\/\/api.w.org\/{rel}","templated":true}]}}