{"id":337,"date":"2021-01-13T21:03:35","date_gmt":"2021-01-13T20:03:35","guid":{"rendered":"https:\/\/www.famille-ecole.fse.ulaval.ca\/accueil\/"},"modified":"2025-03-14T14:09:49","modified_gmt":"2025-03-14T18:09:49","slug":"accueil","status":"publish","type":"page","link":"https:\/\/www.famille-ecole.fse.ulaval.ca\/en\/","title":{"rendered":"Home"},"content":{"rendered":"\n<div class=\"wp-block-getwid-media-text-slider wp-block-getwid-media-text-slider--current-slide-1 has-arrows-inside has-dots-inside\" data-labels=\"[&quot;Slide 1&quot;,&quot;Slide 2&quot;,&quot;Slide 3&quot;]\" data-animation=\"fadeIn\" data-duration=\"1500ms\" data-delay=\"0ms\"><div class=\"wp-block-getwid-media-text-slider__slides-wrapper\"><div class=\"wp-block-getwid-media-text-slider__content\" data-slide-autoplay=\"false\" data-slide-pause-on-hover=\"true\" data-slide-autoplay-speed=\"5000\" data-slide-speed=\"1000\" data-infinite=\"true\">\n<div style=\"min-height:500px\" class=\"wp-block-getwid-media-text-slider-slide wp-block-getwid-media-text-slider-slide__content-wrapper slide-1\"><div style=\"min-height:500px\" class=\"wp-block-getwid-media-text-slider-slide__content\">\n<div class=\"wp-block-getwid-media-text-slider-slide-content\"><figure class=\"wp-block-getwid-media-text-slider-slide-content__media\"><img loading=\"lazy\" decoding=\"async\" width=\"2560\" height=\"1707\" src=\"https:\/\/www.famille-ecole.fse.ulaval.ca\/\/app\/uploads\/2023\/05\/iStock-544355788-1-scaled.jpg\" alt=\"\" class=\"wp-block-getwid-media-text-slider-slide-content__image wp-image-218\" srcset=\"https:\/\/www.famille-ecole.fse.ulaval.ca\/\/app\/uploads\/2023\/05\/iStock-544355788-1-scaled.jpg 2560w, https:\/\/www.famille-ecole.fse.ulaval.ca\/\/app\/uploads\/2023\/05\/iStock-544355788-1-300x200.jpg 300w, https:\/\/www.famille-ecole.fse.ulaval.ca\/\/app\/uploads\/2023\/05\/iStock-544355788-1-1024x683.jpg 1024w, https:\/\/www.famille-ecole.fse.ulaval.ca\/\/app\/uploads\/2023\/05\/iStock-544355788-1-768x512.jpg 768w, https:\/\/www.famille-ecole.fse.ulaval.ca\/\/app\/uploads\/2023\/05\/iStock-544355788-1-1536x1024.jpg 1536w, https:\/\/www.famille-ecole.fse.ulaval.ca\/\/app\/uploads\/2023\/05\/iStock-544355788-1-2048x1365.jpg 2048w\" sizes=\"auto, (max-width: 2560px) 100vw, 2560px\" \/><div class=\"wp-block-getwid-media-text-slider-slide-content__media-overlay\" style=\"opacity:0.3\"><\/div><\/figure><div class=\"wp-block-getwid-media-text-slider-slide-content__content\"><div class=\"wp-block-getwid-media-text-slider-slide-content__content-wrapper\">\n<h2 class=\"wp-block-heading\">About<\/h2>\n\n\n\n<p>This study aims to better understand the teacher-parent relationship and how it relates to communication between these two key players in a student\u2019s academic success.<\/p>\n\n\n\n<div class=\"wp-block-csrtcommun-gutenberg-block-bloc-bouton-lien bouton-lien__wrapper  texte-gauche\"><a class=\"bouton-lien accent-strate\" href=\"https:\/\/www.famille-ecole.fse.ulaval.ca\/en\/about\/\">Find out more about the study<\/a><\/div>\n<\/div><\/div><\/div>\n<\/div><\/div>\n\n\n\n<div style=\"min-height:500px\" class=\"wp-block-getwid-media-text-slider-slide wp-block-getwid-media-text-slider-slide__content-wrapper slide-2\"><div style=\"min-height:500px\" class=\"wp-block-getwid-media-text-slider-slide__content\">\n<div class=\"wp-block-getwid-media-text-slider-slide-content\"><figure class=\"wp-block-getwid-media-text-slider-slide-content__media\"><img loading=\"lazy\" decoding=\"async\" width=\"2560\" height=\"1707\" src=\"https:\/\/www.famille-ecole.fse.ulaval.ca\/\/app\/uploads\/2023\/05\/iStock-965062974-scaled.jpg\" alt=\"\" class=\"wp-block-getwid-media-text-slider-slide-content__image wp-image-216\" srcset=\"https:\/\/www.famille-ecole.fse.ulaval.ca\/\/app\/uploads\/2023\/05\/iStock-965062974-scaled.jpg 2560w, https:\/\/www.famille-ecole.fse.ulaval.ca\/\/app\/uploads\/2023\/05\/iStock-965062974-300x200.jpg 300w, https:\/\/www.famille-ecole.fse.ulaval.ca\/\/app\/uploads\/2023\/05\/iStock-965062974-1024x683.jpg 1024w, https:\/\/www.famille-ecole.fse.ulaval.ca\/\/app\/uploads\/2023\/05\/iStock-965062974-768x512.jpg 768w, https:\/\/www.famille-ecole.fse.ulaval.ca\/\/app\/uploads\/2023\/05\/iStock-965062974-1536x1024.jpg 1536w, https:\/\/www.famille-ecole.fse.ulaval.ca\/\/app\/uploads\/2023\/05\/iStock-965062974-2048x1365.jpg 2048w\" sizes=\"auto, (max-width: 2560px) 100vw, 2560px\" \/><div class=\"wp-block-getwid-media-text-slider-slide-content__media-overlay\" style=\"opacity:0.3\"><\/div><\/figure><div class=\"wp-block-getwid-media-text-slider-slide-content__content\"><div class=\"wp-block-getwid-media-text-slider-slide-content__content-wrapper\">\n<h2 class=\"wp-block-heading\">Team<\/h2>\n\n\n\n<p>This study is conducted by&nbsp;Catherine Ratelle from Universit\u00e9 Laval and et co-directed by Isabelle Archambault and V\u00e9ronique Dup\u00e9r\u00e9 from Universit\u00e9 de Montr\u00e9al and also by Isabelle Plante from Universit\u00e9 du Qu\u00e9bec \u00e0 Montr\u00e9al.<\/p>\n\n\n\n<div class=\"wp-block-csrtcommun-gutenberg-block-bloc-bouton-lien bouton-lien__wrapper  texte-gauche\"><a class=\"bouton-lien accent-strate\" href=\"https:\/\/www.famille-ecole.fse.ulaval.ca\/en\/team\/\">Team presentation<\/a><\/div>\n<\/div><\/div><\/div>\n<\/div><\/div>\n\n\n\n<div style=\"min-height:500px\" class=\"wp-block-getwid-media-text-slider-slide wp-block-getwid-media-text-slider-slide__content-wrapper slide-3\"><div style=\"min-height:500px\" class=\"wp-block-getwid-media-text-slider-slide__content\">\n<div class=\"wp-block-getwid-media-text-slider-slide-content\"><figure class=\"wp-block-getwid-media-text-slider-slide-content__media\"><img loading=\"lazy\" decoding=\"async\" width=\"2560\" height=\"1707\" src=\"https:\/\/www.famille-ecole.fse.ulaval.ca\/\/app\/uploads\/2023\/05\/iStock-901926572-scaled.jpg\" alt=\"\" class=\"wp-block-getwid-media-text-slider-slide-content__image wp-image-214\" srcset=\"https:\/\/www.famille-ecole.fse.ulaval.ca\/\/app\/uploads\/2023\/05\/iStock-901926572-scaled.jpg 2560w, https:\/\/www.famille-ecole.fse.ulaval.ca\/\/app\/uploads\/2023\/05\/iStock-901926572-300x200.jpg 300w, https:\/\/www.famille-ecole.fse.ulaval.ca\/\/app\/uploads\/2023\/05\/iStock-901926572-1024x683.jpg 1024w, https:\/\/www.famille-ecole.fse.ulaval.ca\/\/app\/uploads\/2023\/05\/iStock-901926572-768x512.jpg 768w, https:\/\/www.famille-ecole.fse.ulaval.ca\/\/app\/uploads\/2023\/05\/iStock-901926572-1536x1024.jpg 1536w, https:\/\/www.famille-ecole.fse.ulaval.ca\/\/app\/uploads\/2023\/05\/iStock-901926572-2048x1365.jpg 2048w\" sizes=\"auto, (max-width: 2560px) 100vw, 2560px\" \/><div class=\"wp-block-getwid-media-text-slider-slide-content__media-overlay\" style=\"opacity:0.3\"><\/div><\/figure><div class=\"wp-block-getwid-media-text-slider-slide-content__content\"><div class=\"wp-block-getwid-media-text-slider-slide-content__content-wrapper\">\n<h2 class=\"wp-block-heading\">Partners of the project<\/h2>\n\n\n\n<p>This project is being carried out in partnership with several organizations. To find out more, click on the following link.<\/p>\n\n\n\n<div class=\"wp-block-csrtcommun-gutenberg-block-bloc-bouton-lien bouton-lien__wrapper  texte-gauche\"><a class=\"bouton-lien accent-strate\" href=\"https:\/\/www.famille-ecole.fse.ulaval.ca\/en\/partners\/\">Partners of the project<\/a><\/div>\n<\/div><\/div><\/div>\n<\/div><\/div>\n<\/div><\/div><\/div>\n\n\n\n<section class=\"wp-block-csrtcommun-gutenberg-block-bloc-strate  strate bg-undefined\" aria-label=\"\"><div class=\"strate-contenu\">\n<div class=\"wp-block-csrtcommun-gutenberg-block-bloc-entete bloc-entete__wrapper\"><div class=\"bloc-entete\"><h1 class=\"accent\">Family School Communication and the Quality of the Teacher-Parents Relationship<\/h1><div class=\"body\">This study aims to better understand the teacher-parent relationship and how it relates to communication between these two key players in a student\u2019s academic success.<\/div><\/div><\/div>\n\n\n\n<div class=\"wp-block-csrtcommun-gutenberg-block-bloc-bouton-lien bouton-lien__wrapper margin-bottom-10 texte-center\"><a class=\"bouton-lien accent-blanc\" href=\"https:\/\/www.famille-ecole.fse.ulaval.ca\/en\/about\/\">Find out more about the study<\/a><\/div>\n<div class=\"clearFix\"><\/div><\/div><\/section>\n\n\n\n<section class=\"wp-block-csrtcommun-gutenberg-block-bloc-strate  strate bg-gris-pale\" aria-label=\"\"><div class=\"strate-contenu\">\n<div class=\"wp-block-columns is-layout-flex wp-container-core-columns-is-layout-9d6595d7 wp-block-columns-is-layout-flex\">\n<div class=\"wp-block-column is-layout-flow wp-block-column-is-layout-flow\">\n<h2 class=\"wp-block-heading\">Section &#8211; Teachers<\/h2>\n\n\n\n<div class=\"wp-block-csrtcommun-gutenberg-block-bloc-bouton-lien bouton-lien__wrapper  texte-gauche\"><a class=\"bouton-lien accent-strate\" href=\"https:\/\/www.famille-ecole.fse.ulaval.ca\/en\/participate\/\">Participate in the study<\/a><\/div>\n<\/div>\n\n\n\n<div class=\"wp-block-column is-layout-flow wp-block-column-is-layout-flow\">\n<h2 class=\"wp-block-heading\">Section &#8211; Parents<\/h2>\n\n\n\n<div class=\"wp-block-csrtcommun-gutenberg-block-bloc-bouton-lien bouton-lien__wrapper  texte-gauche\"><a class=\"bouton-lien gris-pale-fonce\" href=\"\">Data collection is now over<\/a><\/div>\n<\/div>\n<\/div>\n<div class=\"clearFix\"><\/div><\/div><\/section>\n","protected":false},"excerpt":{"rendered":"","protected":false},"author":1,"featured_media":0,"parent":0,"menu_order":0,"comment_status":"closed","ping_status":"closed","template":"","meta":{"_acf_changed":false,"footnotes":""},"class_list":["post-337","page","type-page","status-publish","hentry"],"acf":[],"_links":{"self":[{"href":"https:\/\/www.famille-ecole.fse.ulaval.ca\/en\/wp-json\/wp\/v2\/pages\/337","targetHints":{"allow":["GET"]}}],"collection":[{"href":"https:\/\/www.famille-ecole.fse.ulaval.ca\/en\/wp-json\/wp\/v2\/pages"}],"about":[{"href":"https:\/\/www.famille-ecole.fse.ulaval.ca\/en\/wp-json\/wp\/v2\/types\/page"}],"author":[{"embeddable":true,"href":"https:\/\/www.famille-ecole.fse.ulaval.ca\/en\/wp-json\/wp\/v2\/users\/1"}],"replies":[{"embeddable":true,"href":"https:\/\/www.famille-ecole.fse.ulaval.ca\/en\/wp-json\/wp\/v2\/comments?post=337"}],"version-history":[{"count":11,"href":"https:\/\/www.famille-ecole.fse.ulaval.ca\/en\/wp-json\/wp\/v2\/pages\/337\/revisions"}],"predecessor-version":[{"id":573,"href":"https:\/\/www.famille-ecole.fse.ulaval.ca\/en\/wp-json\/wp\/v2\/pages\/337\/revisions\/573"}],"wp:attachment":[{"href":"https:\/\/www.famille-ecole.fse.ulaval.ca\/en\/wp-json\/wp\/v2\/media?parent=337"}],"curies":[{"name":"wp","href":"https:\/\/api.w.org\/{rel}","templated":true}]}}