{"id":336,"date":"2023-04-04T12:11:22","date_gmt":"2023-04-04T16:11:22","guid":{"rendered":"https:\/\/www.famille-ecole.fse.ulaval.ca\/a-propos\/"},"modified":"2026-02-18T09:40:20","modified_gmt":"2026-02-18T14:40:20","slug":"about","status":"publish","type":"page","link":"https:\/\/www.famille-ecole.fse.ulaval.ca\/en\/about\/","title":{"rendered":"About"},"content":{"rendered":"\n<section class=\"wp-block-csrtcommun-gutenberg-block-bloc-strate  strate bg-undefined\" aria-label=\"\"><div class=\"strate-contenu\">\n<div class=\"wp-block-csrtcommun-gutenberg-block-bloc-largeur-3-4 bloc-largeur-3-4__wrapper\">\n<h2 class=\"wp-block-heading\">The Study<\/h2>\n\n\n\n<p>This study aims to better understand the teacher-parent relationship and how it relates to communication between these two key players in a student&#8217;s academic success.<\/p>\n\n\n\n<p>This study has two components:<\/p>\n\n\n\n<p>(1) a survey of <strong>elementary school teachers<\/strong> to gather their perspective on family-school communication and the quality of the teacher-parent relationship, and the factors facilitating and hindering the quality of the relationship and communication;<\/p>\n\n\n\n<p>(2) a survey of <strong>parents<\/strong> to gather their perspective on on family-school communication and the quality of the teacher-parent relationship, and the factors facilitating and hindering the quality of the relationship and communication, as well as to predict their school involvement with their child and their child&#8217;s academic achievement.<\/p>\n\n\n\n<figure class=\"wp-block-image size-large is-resized\"><a href=\"https:\/\/www.famille-ecole.fse.ulaval.ca\/\/app\/uploads\/2026\/02\/1058_CCM_education_v2ANG.pdf\"><img loading=\"lazy\" decoding=\"async\" width=\"1024\" height=\"681\" src=\"https:\/\/www.famille-ecole.fse.ulaval.ca\/\/app\/uploads\/2026\/02\/BD.EN_-1024x681.jpg\" alt=\"\" class=\"wp-image-610\" style=\"width:300px\" srcset=\"https:\/\/www.famille-ecole.fse.ulaval.ca\/\/app\/uploads\/2026\/02\/BD.EN_-1024x681.jpg 1024w, https:\/\/www.famille-ecole.fse.ulaval.ca\/\/app\/uploads\/2026\/02\/BD.EN_-300x199.jpg 300w, https:\/\/www.famille-ecole.fse.ulaval.ca\/\/app\/uploads\/2026\/02\/BD.EN_-768x511.jpg 768w, https:\/\/www.famille-ecole.fse.ulaval.ca\/\/app\/uploads\/2026\/02\/BD.EN_.jpg 1393w\" sizes=\"auto, (max-width: 1024px) 100vw, 1024px\" \/><\/a><\/figure>\n<\/div>\n<div class=\"clearFix\"><\/div><\/div><\/section>\n\n\n\n<section class=\"wp-block-csrtcommun-gutenberg-block-bloc-strate  strate bg-gris-pale\" aria-label=\"\"><div class=\"strate-contenu\">\n<div class=\"wp-block-csrtcommun-gutenberg-block-bloc-largeur-3-4 bloc-largeur-3-4__wrapper\">\n<h2 class=\"wp-block-heading\">Funding<\/h2>\n\n\n\n<p>This project is funded by the Fonds de recherche du Qu\u00e9bec &#8211; Soci\u00e9t\u00e9 et Culture as part of the program <em>Actions concert\u00e9es sur la pers\u00e9v\u00e9rance et la r\u00e9ussite scolaire<\/em>s.<\/p>\n\n\n\n<figure class=\"wp-block-image size-full\"><img loading=\"lazy\" decoding=\"async\" width=\"167\" height=\"64\" src=\"https:\/\/www.famille-ecole.fse.ulaval.ca\/\/app\/uploads\/2025\/03\/image-1.png\" alt=\"\" class=\"wp-image-513\"\/><\/figure>\n<\/div>\n<div class=\"clearFix\"><\/div><\/div><\/section>\n","protected":false},"excerpt":{"rendered":"","protected":false},"author":7,"featured_media":0,"parent":0,"menu_order":0,"comment_status":"closed","ping_status":"closed","template":"page-titre.php","meta":{"_acf_changed":false,"footnotes":""},"class_list":["post-336","page","type-page","status-publish","hentry"],"acf":[],"_links":{"self":[{"href":"https:\/\/www.famille-ecole.fse.ulaval.ca\/en\/wp-json\/wp\/v2\/pages\/336","targetHints":{"allow":["GET"]}}],"collection":[{"href":"https:\/\/www.famille-ecole.fse.ulaval.ca\/en\/wp-json\/wp\/v2\/pages"}],"about":[{"href":"https:\/\/www.famille-ecole.fse.ulaval.ca\/en\/wp-json\/wp\/v2\/types\/page"}],"author":[{"embeddable":true,"href":"https:\/\/www.famille-ecole.fse.ulaval.ca\/en\/wp-json\/wp\/v2\/users\/7"}],"replies":[{"embeddable":true,"href":"https:\/\/www.famille-ecole.fse.ulaval.ca\/en\/wp-json\/wp\/v2\/comments?post=336"}],"version-history":[{"count":4,"href":"https:\/\/www.famille-ecole.fse.ulaval.ca\/en\/wp-json\/wp\/v2\/pages\/336\/revisions"}],"predecessor-version":[{"id":613,"href":"https:\/\/www.famille-ecole.fse.ulaval.ca\/en\/wp-json\/wp\/v2\/pages\/336\/revisions\/613"}],"wp:attachment":[{"href":"https:\/\/www.famille-ecole.fse.ulaval.ca\/en\/wp-json\/wp\/v2\/media?parent=336"}],"curies":[{"name":"wp","href":"https:\/\/api.w.org\/{rel}","templated":true}]}}